{"id":14,"date":"2025-03-05T10:55:13","date_gmt":"2025-03-05T10:55:13","guid":{"rendered":"https:\/\/pagazadiving.rkinformatika.online\/?page_id=14"},"modified":"2025-04-24T17:50:27","modified_gmt":"2025-04-24T17:50:27","slug":"nos-vamos","status":"publish","type":"page","link":"https:\/\/pagazadiving.es\/en\/nos-vamos\/","title":{"rendered":"Are we leaving?"},"content":{"rendered":"<div data-elementor-type=\"wp-page\" data-elementor-id=\"14\" class=\"elementor elementor-14\" data-elementor-post-type=\"page\">\n\t\t\t\t<div class=\"elementor-element elementor-element-e7d2845 e-flex e-con-boxed e-con e-parent\" data-id=\"e7d2845\" data-element_type=\"container\" data-e-type=\"container\" data-settings=\"{&quot;background_background&quot;:&quot;classic&quot;}\">\n\t\t\t\t\t<div class=\"e-con-inner\">\n\t\t\t\t<div class=\"elementor-element elementor-element-b8a8f1a elementor-widget elementor-widget-heading\" data-id=\"b8a8f1a\" data-element_type=\"widget\" data-e-type=\"widget\" data-widget_type=\"heading.default\">\n\t\t\t\t<div class=\"elementor-widget-container\">\n\t\t\t\t\t<h2 class=\"elementor-heading-title elementor-size-default\">Viajes<\/h2>\t\t\t\t<\/div>\n\t\t\t\t<\/div>\n\t\t\t\t\t<\/div>\n\t\t\t\t<\/div>\n\t\t<div class=\"elementor-element elementor-element-36c2e50 e-flex e-con-boxed e-con e-parent\" data-id=\"36c2e50\" data-element_type=\"container\" data-e-type=\"container\">\n\t\t\t\t\t<div class=\"e-con-inner\">\n\t\t\t\t\t<\/div>\n\t\t\t\t<\/div>\n\t\t<div class=\"elementor-element elementor-element-6d498cc e-flex e-con-boxed e-con e-parent\" data-id=\"6d498cc\" data-element_type=\"container\" data-e-type=\"container\" data-settings=\"{&quot;background_background&quot;:&quot;classic&quot;}\">\n\t\t\t\t\t<div class=\"e-con-inner\">\n\t\t\t\t<div class=\"elementor-element elementor-element-9c59d88 elementor-grid-eael-col-3 elementor-grid-tablet-eael-col-2 elementor-grid-mobile-eael-col-1 elementor-widget elementor-widget-eael-post-grid\" data-id=\"9c59d88\" data-element_type=\"widget\" data-e-type=\"widget\" data-settings=\"{&quot;eael_post_grid_columns&quot;:&quot;eael-col-3&quot;,&quot;eael_post_grid_columns_tablet&quot;:&quot;eael-col-2&quot;,&quot;eael_post_grid_columns_mobile&quot;:&quot;eael-col-1&quot;}\" data-widget_type=\"eael-post-grid.default\">\n\t\t\t\t<div class=\"elementor-widget-container\">\n\t\t\t\t\t<div id=\"eael-post-grid-9c59d88\" class=\"eael-post-grid-container\">\n            <div class=\"eael-post-grid eael-post-appender eael-post-appender-9c59d88 eael-post-grid-style-two\" data-layout-mode=\"masonry\"><article class=\"eael-grid-post  eael-post-grid-column eael-pg-post-3112 category-uncategorized\" data-id=\"3112\">\n    <div class=\"eael-grid-post-holder\">\n        <div class=\"eael-grid-post-holder-inner\"><div class=\"eael-entry-media\"><div class=\"eael-entry-overlay fade-in\"><i class=\"fas fa-long-arrow-alt-right\" aria-hidden=\"true\"><\/i><a href=\"https:\/\/pagazadiving.es\/en\/mar-rojo-ruta-norte\/\"><\/a><\/div><div class=\"eael-entry-thumbnail eael-image-ratio\">\n                            <img fetchpriority=\"high\" decoding=\"async\" width=\"1131\" height=\"1600\" src=\"https:\/\/pagazadiving.es\/wp-content\/uploads\/2025\/04\/WhatsApp-Image-2026-03-28-at-13.34.47.jpeg\" class=\"attachment-full size-full wp-image-3679\" alt=\"\" srcset=\"https:\/\/pagazadiving.es\/wp-content\/uploads\/2025\/04\/WhatsApp-Image-2026-03-28-at-13.34.47.jpeg 1131w, https:\/\/pagazadiving.es\/wp-content\/uploads\/2025\/04\/WhatsApp-Image-2026-03-28-at-13.34.47-212x300.jpeg 212w, https:\/\/pagazadiving.es\/wp-content\/uploads\/2025\/04\/WhatsApp-Image-2026-03-28-at-13.34.47-724x1024.jpeg 724w, https:\/\/pagazadiving.es\/wp-content\/uploads\/2025\/04\/WhatsApp-Image-2026-03-28-at-13.34.47-768x1086.jpeg 768w, https:\/\/pagazadiving.es\/wp-content\/uploads\/2025\/04\/WhatsApp-Image-2026-03-28-at-13.34.47-1086x1536.jpeg 1086w, https:\/\/pagazadiving.es\/wp-content\/uploads\/2025\/04\/WhatsApp-Image-2026-03-28-at-13.34.47-8x12.jpeg 8w\" sizes=\"(max-width: 1131px) 100vw, 1131px\" \/>\n                            <\/div>\n                    <\/div><div class=\"eael-entry-wrapper\"><header class=\"eael-entry-header\"><h2 class=\"eael-entry-title\"><a class=\"eael-grid-post-link\" href=\"https:\/\/pagazadiving.es\/en\/mar-rojo-ruta-norte\/\" title=\"\u00a1MAR ROJO!, \u00a1COMPLETO!\">\u00a1MAR ROJO!, \u00a1COMPLETO!<\/a><\/h2><\/header><div class=\"eael-entry-header-after style-two\"><div class=\"eael-entry-meta\"><\/div><\/div><div class=\"eael-entry-content\">\n                                <div class=\"eael-grid-post-excerpt\"><p>LOS PECIOS DEL MAR ROJO NOS ESPERAN!!!! Mayo 2026. (Completo) Ya tenemos fechas!!! salimos el 15 de Mayo de 2026&#8230;\u00a0<\/p><a href=\"https:\/\/pagazadiving.es\/en\/mar-rojo-ruta-norte\/\" class=\"eael-post-elements-readmore-btn\">Leer m\u00e1s<\/a><\/div>\n                            <\/div><\/div><\/div>\n    <\/div>\n<\/article><article class=\"eael-grid-post  eael-post-grid-column eael-pg-post-1460 category-uncategorized\" data-id=\"1460\">\n    <div class=\"eael-grid-post-holder\">\n        <div class=\"eael-grid-post-holder-inner\"><div class=\"eael-entry-media\"><div class=\"eael-entry-overlay fade-in\"><i class=\"fas fa-long-arrow-alt-right\" aria-hidden=\"true\"><\/i><a href=\"https:\/\/pagazadiving.es\/en\/maldivas-2\/\"><\/a><\/div><div class=\"eael-entry-thumbnail eael-image-ratio\">\n                            <img decoding=\"async\" width=\"1131\" height=\"1600\" src=\"https:\/\/pagazadiving.es\/wp-content\/uploads\/2025\/04\/MALDIVAS-2026.jpeg\" class=\"attachment-full size-full wp-image-3490\" alt=\"\" srcset=\"https:\/\/pagazadiving.es\/wp-content\/uploads\/2025\/04\/MALDIVAS-2026.jpeg 1131w, https:\/\/pagazadiving.es\/wp-content\/uploads\/2025\/04\/MALDIVAS-2026-212x300.jpeg 212w, https:\/\/pagazadiving.es\/wp-content\/uploads\/2025\/04\/MALDIVAS-2026-724x1024.jpeg 724w, https:\/\/pagazadiving.es\/wp-content\/uploads\/2025\/04\/MALDIVAS-2026-768x1086.jpeg 768w, https:\/\/pagazadiving.es\/wp-content\/uploads\/2025\/04\/MALDIVAS-2026-1086x1536.jpeg 1086w, https:\/\/pagazadiving.es\/wp-content\/uploads\/2025\/04\/MALDIVAS-2026-8x12.jpeg 8w\" sizes=\"(max-width: 1131px) 100vw, 1131px\" \/>\n                            <\/div>\n                    <\/div><div class=\"eael-entry-wrapper\"><header class=\"eael-entry-header\"><h2 class=\"eael-entry-title\"><a class=\"eael-grid-post-link\" href=\"https:\/\/pagazadiving.es\/en\/maldivas-2\/\" title=\"\u00a1 MALDIVAS !\">\u00a1 MALDIVAS !<\/a><\/h2><\/header><div class=\"eael-entry-header-after style-two\"><div class=\"eael-entry-meta\"><\/div><\/div><div class=\"eael-entry-content\">\n                                <div class=\"eael-grid-post-excerpt\"><p>MALDIVAS,VIDA A BORDO! MALDIVAS, BEST OF MALDIVES! \u00a1Descubre el Para\u00edso Submarino en Maldivas \u2013 Ruta Best of Maldives! Si sue\u00f1as<\/p><a href=\"https:\/\/pagazadiving.es\/en\/maldivas-2\/\" class=\"eael-post-elements-readmore-btn\">Leer m\u00e1s<\/a><\/div>\n                            <\/div><\/div><\/div>\n    <\/div>\n<\/article><article class=\"eael-grid-post  eael-post-grid-column eael-pg-post-1454 category-uncategorized\" data-id=\"1454\">\n    <div class=\"eael-grid-post-holder\">\n        <div class=\"eael-grid-post-holder-inner\"><div class=\"eael-entry-media\"><div class=\"eael-entry-overlay fade-in\"><i class=\"fas fa-long-arrow-alt-right\" aria-hidden=\"true\"><\/i><a href=\"https:\/\/pagazadiving.es\/en\/maldivas\/\"><\/a><\/div><div class=\"eael-entry-thumbnail eael-image-ratio\">\n                            <img decoding=\"async\" width=\"2560\" height=\"1920\" src=\"https:\/\/pagazadiving.es\/wp-content\/uploads\/2025\/04\/GOPR6893_1662546577380-scaled.jpg\" class=\"attachment-full size-full wp-image-2945\" alt=\"\" srcset=\"https:\/\/pagazadiving.es\/wp-content\/uploads\/2025\/04\/GOPR6893_1662546577380-scaled.jpg 2560w, https:\/\/pagazadiving.es\/wp-content\/uploads\/2025\/04\/GOPR6893_1662546577380-300x225.jpg 300w, https:\/\/pagazadiving.es\/wp-content\/uploads\/2025\/04\/GOPR6893_1662546577380-1024x768.jpg 1024w, https:\/\/pagazadiving.es\/wp-content\/uploads\/2025\/04\/GOPR6893_1662546577380-768x576.jpg 768w, https:\/\/pagazadiving.es\/wp-content\/uploads\/2025\/04\/GOPR6893_1662546577380-1536x1152.jpg 1536w, https:\/\/pagazadiving.es\/wp-content\/uploads\/2025\/04\/GOPR6893_1662546577380-2048x1536.jpg 2048w, https:\/\/pagazadiving.es\/wp-content\/uploads\/2025\/04\/GOPR6893_1662546577380-16x12.jpg 16w\" sizes=\"(max-width: 2560px) 100vw, 2560px\" \/>\n                            <\/div>\n                    <\/div><div class=\"eael-entry-wrapper\"><header class=\"eael-entry-header\"><h2 class=\"eael-entry-title\"><a class=\"eael-grid-post-link\" href=\"https:\/\/pagazadiving.es\/en\/maldivas\/\" title=\"VIAJES PAGAZA DIVING\">VIAJES PAGAZA DIVING<\/a><\/h2><\/header><div class=\"eael-entry-header-after style-two\"><div class=\"eael-entry-meta\"><\/div><\/div><div class=\"eael-entry-content\">\n                                <div class=\"eael-grid-post-excerpt\"><p>VIAJES PAGAZA DIVING VIAJES PAGAZA DIVING Muy pronto mas viajes Pagaza Diving&#8230; \u00a0 \u00a0<\/p><a href=\"https:\/\/pagazadiving.es\/en\/maldivas\/\" class=\"eael-post-elements-readmore-btn\">Leer m\u00e1s<\/a><\/div>\n                            <\/div><\/div><\/div>\n    <\/div>\n<\/article><article class=\"eael-grid-post  eael-post-grid-column eael-pg-post-3301 category-uncategorized\" data-id=\"3301\">\n    <div class=\"eael-grid-post-holder\">\n        <div class=\"eael-grid-post-holder-inner\"><div class=\"eael-entry-media\"><div class=\"eael-entry-overlay fade-in\"><i class=\"fas fa-long-arrow-alt-right\" aria-hidden=\"true\"><\/i><a href=\"https:\/\/pagazadiving.es\/en\/madagascar\/\"><\/a><\/div><div class=\"eael-entry-thumbnail eael-image-ratio\">\n                            <img loading=\"lazy\" decoding=\"async\" width=\"1600\" height=\"902\" src=\"https:\/\/pagazadiving.es\/wp-content\/uploads\/2025\/07\/WhatsApp-Image-2025-07-23-at-19.52.42.jpeg\" class=\"attachment-full size-full wp-image-3472\" alt=\"\" srcset=\"https:\/\/pagazadiving.es\/wp-content\/uploads\/2025\/07\/WhatsApp-Image-2025-07-23-at-19.52.42.jpeg 1600w, https:\/\/pagazadiving.es\/wp-content\/uploads\/2025\/07\/WhatsApp-Image-2025-07-23-at-19.52.42-300x169.jpeg 300w, https:\/\/pagazadiving.es\/wp-content\/uploads\/2025\/07\/WhatsApp-Image-2025-07-23-at-19.52.42-1024x577.jpeg 1024w, https:\/\/pagazadiving.es\/wp-content\/uploads\/2025\/07\/WhatsApp-Image-2025-07-23-at-19.52.42-768x433.jpeg 768w, https:\/\/pagazadiving.es\/wp-content\/uploads\/2025\/07\/WhatsApp-Image-2025-07-23-at-19.52.42-1536x866.jpeg 1536w, https:\/\/pagazadiving.es\/wp-content\/uploads\/2025\/07\/WhatsApp-Image-2025-07-23-at-19.52.42-18x10.jpeg 18w\" sizes=\"(max-width: 1600px) 100vw, 1600px\" \/>\n                            <\/div>\n                    <\/div><div class=\"eael-entry-wrapper\"><header class=\"eael-entry-header\"><h2 class=\"eael-entry-title\"><a class=\"eael-grid-post-link\" href=\"https:\/\/pagazadiving.es\/en\/madagascar\/\" title=\"VIAJES PAGAZA DIVING\">VIAJES PAGAZA DIVING<\/a><\/h2><\/header><div class=\"eael-entry-header-after style-two\"><div class=\"eael-entry-meta\"><\/div><\/div><div class=\"eael-entry-content\">\n                                <div class=\"eael-grid-post-excerpt\"><p>VIAJES PAGAZA DIVING Pronto + VIAJES PAGAZA DIVING \u00a0 \u00a0<\/p><a href=\"https:\/\/pagazadiving.es\/en\/madagascar\/\" class=\"eael-post-elements-readmore-btn\">Leer m\u00e1s<\/a><\/div>\n                            <\/div><\/div><\/div>\n    <\/div>\n<\/article><\/div>\n            <div class=\"clearfix\"><\/div>\n        <\/div>\t\t\t\t<\/div>\n\t\t\t\t<\/div>\n\t\t\t\t\t<\/div>\n\t\t\t\t<\/div>\n\t\t\t\t<\/div>","protected":false},"excerpt":{"rendered":"<p>Viajes Mar Rojo Ruta Norte Desliza para saber m\u00e1s Egipto. Ruta Especial Pecios. Mayo 2026. \u00a1Emb\u00e1rcate en una aventura \u00fanica bajo las aguas del Mar Leer m\u00e1s Maldivas ven y vive una experiecnia \u00fanica! todav\u00eda te lo estas pensando? Muy pronto con Pagaza Diving&#8230; \u00a0 \u00a0 Leer m\u00e1s Fin de semana Tarragona Fin De Semana [&hellip;]<\/p>\n","protected":false},"author":1,"featured_media":0,"parent":0,"menu_order":0,"comment_status":"closed","ping_status":"closed","template":"elementor_canvas","meta":{"footnotes":""},"class_list":["post-14","page","type-page","status-publish","hentry"],"yoast_head":"<!-- This site is optimized with the Yoast SEO plugin v27.3 - https:\/\/yoast.com\/product\/yoast-seo-wordpress\/ -->\n<title>\u00bfNos Vamos? - Pagaza Diving, Sabemos a-mar<\/title>\n<meta name=\"robots\" content=\"index, follow, max-snippet:-1, max-image-preview:large, max-video-preview:-1\" \/>\n<link rel=\"canonical\" href=\"https:\/\/pagazadiving.es\/en\/nos-vamos\/\" \/>\n<meta property=\"og:locale\" content=\"en_GB\" \/>\n<meta property=\"og:type\" content=\"article\" \/>\n<meta property=\"og:title\" content=\"\u00bfNos Vamos? - Pagaza Diving, Sabemos a-mar\" \/>\n<meta property=\"og:description\" content=\"Viajes Mar Rojo Ruta Norte Desliza para saber m\u00e1s Egipto. Ruta Especial Pecios. Mayo 2026. \u00a1Emb\u00e1rcate en una aventura \u00fanica bajo las aguas del Mar Leer m\u00e1s Maldivas ven y vive una experiecnia \u00fanica! todav\u00eda te lo estas pensando? Muy pronto con Pagaza Diving&#8230; \u00a0 \u00a0 Leer m\u00e1s Fin de semana Tarragona Fin De Semana [&hellip;]\" \/>\n<meta property=\"og:url\" content=\"https:\/\/pagazadiving.es\/en\/nos-vamos\/\" \/>\n<meta property=\"og:site_name\" content=\"Pagaza Diving, Sabemos a-mar\" \/>\n<meta property=\"article:modified_time\" content=\"2025-04-24T17:50:27+00:00\" \/>\n<meta property=\"og:image\" content=\"https:\/\/pagazadiving.es\/wp-content\/uploads\/2025\/04\/GOPR8678-scaled.jpg\" \/>\n\t<meta property=\"og:image:width\" content=\"2560\" \/>\n\t<meta property=\"og:image:height\" content=\"1920\" \/>\n\t<meta property=\"og:image:type\" content=\"image\/jpeg\" \/>\n<meta name=\"twitter:card\" content=\"summary_large_image\" \/>\n<meta name=\"twitter:label1\" content=\"Estimated reading time\" \/>\n\t<meta name=\"twitter:data1\" content=\"2 minutes\" \/>\n<script type=\"application\/ld+json\" class=\"yoast-schema-graph\">{\"@context\":\"https:\\\/\\\/schema.org\",\"@graph\":[{\"@type\":\"WebPage\",\"@id\":\"https:\\\/\\\/pagazadiving.es\\\/nos-vamos\\\/\",\"url\":\"https:\\\/\\\/pagazadiving.es\\\/nos-vamos\\\/\",\"name\":\"\u00bfNos Vamos? - Pagaza Diving, Sabemos a-mar\",\"isPartOf\":{\"@id\":\"https:\\\/\\\/pagazadiving.es\\\/#website\"},\"primaryImageOfPage\":{\"@id\":\"https:\\\/\\\/pagazadiving.es\\\/nos-vamos\\\/#primaryimage\"},\"image\":{\"@id\":\"https:\\\/\\\/pagazadiving.es\\\/nos-vamos\\\/#primaryimage\"},\"thumbnailUrl\":\"https:\\\/\\\/pagazadiving.es\\\/wp-content\\\/uploads\\\/2025\\\/04\\\/GOPR8678-scaled.jpg\",\"datePublished\":\"2025-03-05T10:55:13+00:00\",\"dateModified\":\"2025-04-24T17:50:27+00:00\",\"breadcrumb\":{\"@id\":\"https:\\\/\\\/pagazadiving.es\\\/nos-vamos\\\/#breadcrumb\"},\"inLanguage\":\"en-GB\",\"potentialAction\":[{\"@type\":\"ReadAction\",\"target\":[\"https:\\\/\\\/pagazadiving.es\\\/nos-vamos\\\/\"]}]},{\"@type\":\"ImageObject\",\"inLanguage\":\"en-GB\",\"@id\":\"https:\\\/\\\/pagazadiving.es\\\/nos-vamos\\\/#primaryimage\",\"url\":\"https:\\\/\\\/pagazadiving.es\\\/wp-content\\\/uploads\\\/2025\\\/04\\\/GOPR8678-scaled.jpg\",\"contentUrl\":\"https:\\\/\\\/pagazadiving.es\\\/wp-content\\\/uploads\\\/2025\\\/04\\\/GOPR8678-scaled.jpg\"},{\"@type\":\"BreadcrumbList\",\"@id\":\"https:\\\/\\\/pagazadiving.es\\\/nos-vamos\\\/#breadcrumb\",\"itemListElement\":[{\"@type\":\"ListItem\",\"position\":1,\"name\":\"Portada\",\"item\":\"https:\\\/\\\/pagazadiving.es\\\/\"},{\"@type\":\"ListItem\",\"position\":2,\"name\":\"\u00bfNos Vamos?\"}]},{\"@type\":\"WebSite\",\"@id\":\"https:\\\/\\\/pagazadiving.es\\\/#website\",\"url\":\"https:\\\/\\\/pagazadiving.es\\\/\",\"name\":\"Pagaza Diving, Sabemos a-mar\",\"description\":\"\",\"publisher\":{\"@id\":\"https:\\\/\\\/pagazadiving.es\\\/#organization\"},\"potentialAction\":[{\"@type\":\"SearchAction\",\"target\":{\"@type\":\"EntryPoint\",\"urlTemplate\":\"https:\\\/\\\/pagazadiving.es\\\/?s={search_term_string}\"},\"query-input\":{\"@type\":\"PropertyValueSpecification\",\"valueRequired\":true,\"valueName\":\"search_term_string\"}}],\"inLanguage\":\"en-GB\"},{\"@type\":\"Organization\",\"@id\":\"https:\\\/\\\/pagazadiving.es\\\/#organization\",\"name\":\"Pagaza Diving, Sabemos a-mar\",\"url\":\"https:\\\/\\\/pagazadiving.es\\\/\",\"logo\":{\"@type\":\"ImageObject\",\"inLanguage\":\"en-GB\",\"@id\":\"https:\\\/\\\/pagazadiving.es\\\/#\\\/schema\\\/logo\\\/image\\\/\",\"url\":\"https:\\\/\\\/pagazadiving.es\\\/wp-content\\\/uploads\\\/2025\\\/03\\\/cropped-lycon_Pagaza_Mesa-de-trabajo-1.png\",\"contentUrl\":\"https:\\\/\\\/pagazadiving.es\\\/wp-content\\\/uploads\\\/2025\\\/03\\\/cropped-lycon_Pagaza_Mesa-de-trabajo-1.png\",\"width\":1357,\"height\":1080,\"caption\":\"Pagaza Diving, Sabemos a-mar\"},\"image\":{\"@id\":\"https:\\\/\\\/pagazadiving.es\\\/#\\\/schema\\\/logo\\\/image\\\/\"}}]}<\/script>\n<!-- \/ Yoast SEO plugin. -->","yoast_head_json":{"title":"\u00bfNos Vamos? - Pagaza Diving, Sabemos a-mar","robots":{"index":"index","follow":"follow","max-snippet":"max-snippet:-1","max-image-preview":"max-image-preview:large","max-video-preview":"max-video-preview:-1"},"canonical":"https:\/\/pagazadiving.es\/en\/nos-vamos\/","og_locale":"en_GB","og_type":"article","og_title":"\u00bfNos Vamos? - Pagaza Diving, Sabemos a-mar","og_description":"Viajes Mar Rojo Ruta Norte Desliza para saber m\u00e1s Egipto. Ruta Especial Pecios. Mayo 2026. \u00a1Emb\u00e1rcate en una aventura \u00fanica bajo las aguas del Mar Leer m\u00e1s Maldivas ven y vive una experiecnia \u00fanica! todav\u00eda te lo estas pensando? Muy pronto con Pagaza Diving&#8230; \u00a0 \u00a0 Leer m\u00e1s Fin de semana Tarragona Fin De Semana [&hellip;]","og_url":"https:\/\/pagazadiving.es\/en\/nos-vamos\/","og_site_name":"Pagaza Diving, Sabemos a-mar","article_modified_time":"2025-04-24T17:50:27+00:00","og_image":[{"width":2560,"height":1920,"url":"https:\/\/pagazadiving.es\/wp-content\/uploads\/2025\/04\/GOPR8678-scaled.jpg","type":"image\/jpeg"}],"twitter_card":"summary_large_image","twitter_misc":{"Estimated reading time":"2 minutes"},"schema":{"@context":"https:\/\/schema.org","@graph":[{"@type":"WebPage","@id":"https:\/\/pagazadiving.es\/nos-vamos\/","url":"https:\/\/pagazadiving.es\/nos-vamos\/","name":"\u00bfNos Vamos? - Pagaza Diving, Sabemos a-mar","isPartOf":{"@id":"https:\/\/pagazadiving.es\/#website"},"primaryImageOfPage":{"@id":"https:\/\/pagazadiving.es\/nos-vamos\/#primaryimage"},"image":{"@id":"https:\/\/pagazadiving.es\/nos-vamos\/#primaryimage"},"thumbnailUrl":"https:\/\/pagazadiving.es\/wp-content\/uploads\/2025\/04\/GOPR8678-scaled.jpg","datePublished":"2025-03-05T10:55:13+00:00","dateModified":"2025-04-24T17:50:27+00:00","breadcrumb":{"@id":"https:\/\/pagazadiving.es\/nos-vamos\/#breadcrumb"},"inLanguage":"en-GB","potentialAction":[{"@type":"ReadAction","target":["https:\/\/pagazadiving.es\/nos-vamos\/"]}]},{"@type":"ImageObject","inLanguage":"en-GB","@id":"https:\/\/pagazadiving.es\/nos-vamos\/#primaryimage","url":"https:\/\/pagazadiving.es\/wp-content\/uploads\/2025\/04\/GOPR8678-scaled.jpg","contentUrl":"https:\/\/pagazadiving.es\/wp-content\/uploads\/2025\/04\/GOPR8678-scaled.jpg"},{"@type":"BreadcrumbList","@id":"https:\/\/pagazadiving.es\/nos-vamos\/#breadcrumb","itemListElement":[{"@type":"ListItem","position":1,"name":"Portada","item":"https:\/\/pagazadiving.es\/"},{"@type":"ListItem","position":2,"name":"\u00bfNos Vamos?"}]},{"@type":"WebSite","@id":"https:\/\/pagazadiving.es\/#website","url":"https:\/\/pagazadiving.es\/","name":"Pagaza Diving, Sabemos a-mar","description":"","publisher":{"@id":"https:\/\/pagazadiving.es\/#organization"},"potentialAction":[{"@type":"SearchAction","target":{"@type":"EntryPoint","urlTemplate":"https:\/\/pagazadiving.es\/?s={search_term_string}"},"query-input":{"@type":"PropertyValueSpecification","valueRequired":true,"valueName":"search_term_string"}}],"inLanguage":"en-GB"},{"@type":"Organization","@id":"https:\/\/pagazadiving.es\/#organization","name":"Pagaza Diving, Sabemos a-mar","url":"https:\/\/pagazadiving.es\/","logo":{"@type":"ImageObject","inLanguage":"en-GB","@id":"https:\/\/pagazadiving.es\/#\/schema\/logo\/image\/","url":"https:\/\/pagazadiving.es\/wp-content\/uploads\/2025\/03\/cropped-lycon_Pagaza_Mesa-de-trabajo-1.png","contentUrl":"https:\/\/pagazadiving.es\/wp-content\/uploads\/2025\/03\/cropped-lycon_Pagaza_Mesa-de-trabajo-1.png","width":1357,"height":1080,"caption":"Pagaza Diving, Sabemos a-mar"},"image":{"@id":"https:\/\/pagazadiving.es\/#\/schema\/logo\/image\/"}}]}},"_links":{"self":[{"href":"https:\/\/pagazadiving.es\/en\/wp-json\/wp\/v2\/pages\/14","targetHints":{"allow":["GET"]}}],"collection":[{"href":"https:\/\/pagazadiving.es\/en\/wp-json\/wp\/v2\/pages"}],"about":[{"href":"https:\/\/pagazadiving.es\/en\/wp-json\/wp\/v2\/types\/page"}],"author":[{"embeddable":true,"href":"https:\/\/pagazadiving.es\/en\/wp-json\/wp\/v2\/users\/1"}],"replies":[{"embeddable":true,"href":"https:\/\/pagazadiving.es\/en\/wp-json\/wp\/v2\/comments?post=14"}],"version-history":[{"count":96,"href":"https:\/\/pagazadiving.es\/en\/wp-json\/wp\/v2\/pages\/14\/revisions"}],"predecessor-version":[{"id":3665,"href":"https:\/\/pagazadiving.es\/en\/wp-json\/wp\/v2\/pages\/14\/revisions\/3665"}],"wp:attachment":[{"href":"https:\/\/pagazadiving.es\/en\/wp-json\/wp\/v2\/media?parent=14"}],"curies":[{"name":"wp","href":"https:\/\/api.w.org\/{rel}","templated":true}]}}