{"id":8,"date":"2025-03-05T10:53:16","date_gmt":"2025-03-05T10:53:16","guid":{"rendered":"https:\/\/pagazadiving.rkinformatika.online\/?page_id=8"},"modified":"2026-01-25T18:50:41","modified_gmt":"2026-01-25T18:50:41","slug":"aprende","status":"publish","type":"page","link":"https:\/\/pagazadiving.es\/en\/aprende\/","title":{"rendered":"Learn"},"content":{"rendered":"<div data-elementor-type=\"wp-page\" data-elementor-id=\"8\" class=\"elementor elementor-8\" data-elementor-post-type=\"page\">\n\t\t\t\t<div class=\"elementor-element elementor-element-06eef59 e-flex e-con-boxed e-con e-parent\" data-id=\"06eef59\" data-element_type=\"container\" data-e-type=\"container\" data-settings=\"{&quot;background_background&quot;:&quot;classic&quot;}\">\n\t\t\t\t\t<div class=\"e-con-inner\">\n\t\t\t\t\t<\/div>\n\t\t\t\t<\/div>\n\t\t<div class=\"elementor-element elementor-element-561848d e-flex e-con-boxed e-con e-parent\" data-id=\"561848d\" data-element_type=\"container\" data-e-type=\"container\">\n\t\t\t\t\t<div class=\"e-con-inner\">\n\t\t\t\t<div class=\"elementor-element elementor-element-1d5c9d0 elementor-widget elementor-widget-heading\" data-id=\"1d5c9d0\" data-element_type=\"widget\" data-e-type=\"widget\" data-widget_type=\"heading.default\">\n\t\t\t\t<div class=\"elementor-widget-container\">\n\t\t\t\t\t<h2 class=\"elementor-heading-title elementor-size-default\">Cursos<\/h2>\t\t\t\t<\/div>\n\t\t\t\t<\/div>\n\t\t\t\t\t<\/div>\n\t\t\t\t<\/div>\n\t\t<div class=\"elementor-element elementor-element-864cf1a e-flex e-con-boxed e-con e-parent\" data-id=\"864cf1a\" data-element_type=\"container\" data-e-type=\"container\" data-settings=\"{&quot;background_background&quot;:&quot;classic&quot;}\">\n\t\t\t\t\t<div class=\"e-con-inner\">\n\t\t<div class=\"elementor-element elementor-element-87a062d e-con-full e-flex elementor-invisible e-con e-child\" data-id=\"87a062d\" data-element_type=\"container\" data-e-type=\"container\" data-settings=\"{&quot;background_background&quot;:&quot;classic&quot;,&quot;animation&quot;:&quot;fadeInDown&quot;}\">\n\t\t\t\t<div class=\"elementor-element elementor-element-de393cf elementor-widget elementor-widget-heading\" data-id=\"de393cf\" data-element_type=\"widget\" data-e-type=\"widget\" data-widget_type=\"heading.default\">\n\t\t\t\t<div class=\"elementor-widget-container\">\n\t\t\t\t\t<h2 class=\"elementor-heading-title elementor-size-default\">Prueba el buceo<\/h2>\t\t\t\t<\/div>\n\t\t\t\t<\/div>\n\t\t\t\t<div class=\"elementor-element elementor-element-d4d12f1 elementor-widget elementor-widget-text-editor\" data-id=\"d4d12f1\" data-element_type=\"widget\" data-e-type=\"widget\" data-widget_type=\"text-editor.default\">\n\t\t\t\t<div class=\"elementor-widget-container\">\n\t\t\t\t\t\t\t\t\t<p>Para descubrir si quieres saber a.mar. Ideal para quienes quieren vivir su primera experiencia bajo el agua sin necesidad de hacer un curso completo.<\/p><ul><li><p>No requiere experiencia previa ni titulaci\u00f3n<\/p><\/li><li><p>Inmersi\u00f3n guiada por un instructor profesional<\/p><\/li><li><p>Todo el equipo incluido<\/p><\/li><li><p>Perfecto para descubrir si el buceo es lo tuyo<\/p><\/li><li><strong>90\u20ac<\/strong><\/li><\/ul>\t\t\t\t\t\t\t\t<\/div>\n\t\t\t\t<\/div>\n\t\t\t\t<\/div>\n\t\t<div class=\"elementor-element elementor-element-a7c0d2e e-con-full e-flex elementor-invisible e-con e-child\" data-id=\"a7c0d2e\" data-element_type=\"container\" data-e-type=\"container\" data-settings=\"{&quot;background_background&quot;:&quot;classic&quot;,&quot;animation&quot;:&quot;fadeInRight&quot;}\">\n\t\t\t\t<div class=\"elementor-element elementor-element-df5a537 elementor-widget elementor-widget-heading\" data-id=\"df5a537\" data-element_type=\"widget\" data-e-type=\"widget\" data-widget_type=\"heading.default\">\n\t\t\t\t<div class=\"elementor-widget-container\">\n\t\t\t\t\t<h2 class=\"elementor-heading-title elementor-size-default\">PADI Open Water Diver<\/h2>\t\t\t\t<\/div>\n\t\t\t\t<\/div>\n\t\t\t\t<div class=\"elementor-element elementor-element-a7613bb elementor-widget elementor-widget-text-editor\" data-id=\"a7613bb\" data-element_type=\"widget\" data-e-type=\"widget\" data-widget_type=\"text-editor.default\">\n\t\t\t\t<div class=\"elementor-widget-container\">\n\t\t\t\t\t\t\t\t\t<p>Para aprender a saber a.mar. El curso de iniciaci\u00f3n m\u00e1s reconocido en todo el mundo. Te permite bucear de forma aut\u00f3noma en cualquier parte del mundo.<\/p><ul><li><p>Certificaci\u00f3n internacional hasta 18 metros<\/p><\/li><li><p>Incluye teor\u00eda, pr\u00e1cticas en aguas confinadas y varias inmersiones en mar<\/p><\/li><li><p>Duraci\u00f3n aproximada de 3 a 4 d\u00edas<\/p><\/li><li><p>Acceso a nuevas aventuras submarinas en cualquier lugar del mundo<\/p><\/li><li><p>Material did\u00e1ctico y equipo incluidos<\/p><\/li><li><strong>430\u20ac<\/strong><\/li><\/ul>\t\t\t\t\t\t\t\t<\/div>\n\t\t\t\t<\/div>\n\t\t\t\t<\/div>\n\t\t<div class=\"elementor-element elementor-element-790d9c2 e-con-full e-flex elementor-invisible e-con e-child\" data-id=\"790d9c2\" data-element_type=\"container\" data-e-type=\"container\" data-settings=\"{&quot;background_background&quot;:&quot;classic&quot;,&quot;animation&quot;:&quot;fadeInLeft&quot;}\">\n\t\t\t\t<div class=\"elementor-element elementor-element-92f5be0 elementor-widget elementor-widget-heading\" data-id=\"92f5be0\" data-element_type=\"widget\" data-e-type=\"widget\" data-widget_type=\"heading.default\">\n\t\t\t\t<div class=\"elementor-widget-container\">\n\t\t\t\t\t<h2 class=\"elementor-heading-title elementor-size-default\">PADI Advanced Open Water Diver<\/h2>\t\t\t\t<\/div>\n\t\t\t\t<\/div>\n\t\t\t\t<div class=\"elementor-element elementor-element-b2fb44b elementor-widget elementor-widget-text-editor\" data-id=\"b2fb44b\" data-element_type=\"widget\" data-e-type=\"widget\" data-widget_type=\"text-editor.default\">\n\t\t\t\t<div class=\"elementor-widget-container\">\n\t\t\t\t\t\t\t\t\t<p>Para saber a.mar mejor. Ideal para seguir aprendiendo tras el Open Water y explorar nuevas modalidades de buceo.<\/p><ul><li><p>Certificaci\u00f3n hasta 30 metros de profundidad<\/p><\/li><li><p>5 inmersiones de aventura: Navegaci\u00f3n, Profunda, Nocturna, Flotabilidad, entre otras<\/p><\/li><li><p>Posibilidad de combinarlo con la especielidad Nitrox<\/p><\/li><li><p>Mejora tu confianza y control bajo el agua<\/p><\/li><li><p>Curso pr\u00e1ctico, sin examen te\u00f3rico final<\/p><\/li><li><strong>430\u20ac\u00a0<\/strong> \u00a0 \u00a0\u00a0<\/li><\/ul>\t\t\t\t\t\t\t\t<\/div>\n\t\t\t\t<\/div>\n\t\t\t\t<\/div>\n\t\t<div class=\"elementor-element elementor-element-2075c56 e-con-full e-flex elementor-invisible e-con e-child\" data-id=\"2075c56\" data-element_type=\"container\" data-e-type=\"container\" data-settings=\"{&quot;background_background&quot;:&quot;classic&quot;,&quot;animation&quot;:&quot;fadeInUp&quot;}\">\n\t\t\t\t<div class=\"elementor-element elementor-element-78ab91b elementor-widget elementor-widget-heading\" data-id=\"78ab91b\" data-element_type=\"widget\" data-e-type=\"widget\" data-widget_type=\"heading.default\">\n\t\t\t\t<div class=\"elementor-widget-container\">\n\t\t\t\t\t<h2 class=\"elementor-heading-title elementor-size-default\">Especialidades PADI<\/h2>\t\t\t\t<\/div>\n\t\t\t\t<\/div>\n\t\t\t\t<div class=\"elementor-element elementor-element-61a9127 elementor-widget elementor-widget-text-editor\" data-id=\"61a9127\" data-element_type=\"widget\" data-e-type=\"widget\" data-widget_type=\"text-editor.default\">\n\t\t\t\t<div class=\"elementor-widget-container\">\n\t\t\t\t\t\t\t\t\t<p>Para saber a.mar sin limite. Cursos dise\u00f1ados para profundizar en \u00e1reas espec\u00edficas del buceo y mejorar tus habilidades.<\/p><ul><li><p>Especialidades disponibles: Nitrox, Profunda, Flotabilidad, Buceo Nocturno, entre otras<\/p><\/li><li><p>Certificaciones adicionales con validez internacional<\/p><\/li><li><p>Aprende a manejar situaciones espec\u00edficas con mayor seguridad y eficacia<\/p><\/li><li><p>Dirigido a buceadores ya certificados<\/p><\/li><\/ul>\t\t\t\t\t\t\t\t<\/div>\n\t\t\t\t<\/div>\n\t\t\t\t<\/div>\n\t\t<div class=\"elementor-element elementor-element-528e16b e-con-full e-flex elementor-invisible e-con e-child\" data-id=\"528e16b\" data-element_type=\"container\" data-e-type=\"container\" data-settings=\"{&quot;background_background&quot;:&quot;classic&quot;,&quot;animation&quot;:&quot;fadeInUp&quot;}\">\n\t\t\t\t<div class=\"elementor-element elementor-element-da22f34 elementor-widget elementor-widget-heading\" data-id=\"da22f34\" data-element_type=\"widget\" data-e-type=\"widget\" data-widget_type=\"heading.default\">\n\t\t\t\t<div class=\"elementor-widget-container\">\n\t\t\t\t\t<h2 class=\"elementor-heading-title elementor-size-default\">Salidas de buceo<\/h2>\t\t\t\t<\/div>\n\t\t\t\t<\/div>\n\t\t\t\t<div class=\"elementor-element elementor-element-57ea21b elementor-widget elementor-widget-text-editor\" data-id=\"57ea21b\" data-element_type=\"widget\" data-e-type=\"widget\" data-widget_type=\"text-editor.default\">\n\t\t\t\t<div class=\"elementor-widget-container\">\n\t\t\t\t\t\t\t\t\t<p>Ven a bucear con amigos.<\/p><ul><li><p>Reserva de cabo de palos<\/p><\/li><li><p>Escapadas de un dia<\/p><\/li><li><p>Talleres de perfeccionamiento<\/p><\/li><li><p>y mucho mas&#8230;.<\/p><\/li><\/ul>\t\t\t\t\t\t\t\t<\/div>\n\t\t\t\t<\/div>\n\t\t\t\t<\/div>\n\t\t<div class=\"elementor-element elementor-element-ed0b6b2 e-con-full e-flex elementor-invisible e-con e-child\" data-id=\"ed0b6b2\" data-element_type=\"container\" data-e-type=\"container\" data-settings=\"{&quot;background_background&quot;:&quot;classic&quot;,&quot;animation&quot;:&quot;fadeInUp&quot;}\">\n\t\t\t\t<\/div>\n\t\t\t\t\t<\/div>\n\t\t\t\t<\/div>\n\t\t\t\t<\/div>","protected":false},"excerpt":{"rendered":"<p>Cursos Prueba el buceo Para descubrir si quieres saber a.mar. Ideal para quienes quieren vivir su primera experiencia bajo el agua sin necesidad de hacer un curso completo. No requiere experiencia previa ni titulaci\u00f3n Inmersi\u00f3n guiada por un instructor profesional Todo el equipo incluido Perfecto para descubrir si el buceo es lo tuyo 90\u20ac PADI [&hellip;]<\/p>\n","protected":false},"author":1,"featured_media":0,"parent":0,"menu_order":0,"comment_status":"closed","ping_status":"closed","template":"elementor_canvas","meta":{"footnotes":""},"class_list":["post-8","page","type-page","status-publish","hentry"],"yoast_head":"<!-- This site is optimized with the Yoast SEO plugin v27.3 - https:\/\/yoast.com\/product\/yoast-seo-wordpress\/ -->\n<title>Aprende - Pagaza Diving, Sabemos a-mar<\/title>\n<meta name=\"robots\" content=\"index, follow, max-snippet:-1, max-image-preview:large, max-video-preview:-1\" \/>\n<link rel=\"canonical\" href=\"https:\/\/pagazadiving.es\/en\/aprende\/\" \/>\n<meta property=\"og:locale\" content=\"en_GB\" \/>\n<meta property=\"og:type\" content=\"article\" \/>\n<meta property=\"og:title\" content=\"Aprende - Pagaza Diving, Sabemos a-mar\" \/>\n<meta property=\"og:description\" content=\"Cursos Prueba el buceo Para descubrir si quieres saber a.mar. Ideal para quienes quieren vivir su primera experiencia bajo el agua sin necesidad de hacer un curso completo. No requiere experiencia previa ni titulaci\u00f3n Inmersi\u00f3n guiada por un instructor profesional Todo el equipo incluido Perfecto para descubrir si el buceo es lo tuyo 90\u20ac PADI [&hellip;]\" \/>\n<meta property=\"og:url\" content=\"https:\/\/pagazadiving.es\/en\/aprende\/\" \/>\n<meta property=\"og:site_name\" content=\"Pagaza Diving, Sabemos a-mar\" \/>\n<meta property=\"article:modified_time\" content=\"2026-01-25T18:50:41+00:00\" \/>\n<meta name=\"twitter:card\" content=\"summary_large_image\" \/>\n<meta name=\"twitter:label1\" content=\"Estimated reading time\" \/>\n\t<meta name=\"twitter:data1\" content=\"2 minutes\" \/>\n<script type=\"application\/ld+json\" class=\"yoast-schema-graph\">{\"@context\":\"https:\\\/\\\/schema.org\",\"@graph\":[{\"@type\":\"WebPage\",\"@id\":\"https:\\\/\\\/pagazadiving.es\\\/aprende\\\/\",\"url\":\"https:\\\/\\\/pagazadiving.es\\\/aprende\\\/\",\"name\":\"Aprende - Pagaza Diving, Sabemos a-mar\",\"isPartOf\":{\"@id\":\"https:\\\/\\\/pagazadiving.es\\\/#website\"},\"datePublished\":\"2025-03-05T10:53:16+00:00\",\"dateModified\":\"2026-01-25T18:50:41+00:00\",\"breadcrumb\":{\"@id\":\"https:\\\/\\\/pagazadiving.es\\\/aprende\\\/#breadcrumb\"},\"inLanguage\":\"en-GB\",\"potentialAction\":[{\"@type\":\"ReadAction\",\"target\":[\"https:\\\/\\\/pagazadiving.es\\\/aprende\\\/\"]}]},{\"@type\":\"BreadcrumbList\",\"@id\":\"https:\\\/\\\/pagazadiving.es\\\/aprende\\\/#breadcrumb\",\"itemListElement\":[{\"@type\":\"ListItem\",\"position\":1,\"name\":\"Portada\",\"item\":\"https:\\\/\\\/pagazadiving.es\\\/\"},{\"@type\":\"ListItem\",\"position\":2,\"name\":\"Aprende\"}]},{\"@type\":\"WebSite\",\"@id\":\"https:\\\/\\\/pagazadiving.es\\\/#website\",\"url\":\"https:\\\/\\\/pagazadiving.es\\\/\",\"name\":\"Pagaza Diving, Sabemos a-mar\",\"description\":\"\",\"publisher\":{\"@id\":\"https:\\\/\\\/pagazadiving.es\\\/#organization\"},\"potentialAction\":[{\"@type\":\"SearchAction\",\"target\":{\"@type\":\"EntryPoint\",\"urlTemplate\":\"https:\\\/\\\/pagazadiving.es\\\/?s={search_term_string}\"},\"query-input\":{\"@type\":\"PropertyValueSpecification\",\"valueRequired\":true,\"valueName\":\"search_term_string\"}}],\"inLanguage\":\"en-GB\"},{\"@type\":\"Organization\",\"@id\":\"https:\\\/\\\/pagazadiving.es\\\/#organization\",\"name\":\"Pagaza Diving, Sabemos a-mar\",\"url\":\"https:\\\/\\\/pagazadiving.es\\\/\",\"logo\":{\"@type\":\"ImageObject\",\"inLanguage\":\"en-GB\",\"@id\":\"https:\\\/\\\/pagazadiving.es\\\/#\\\/schema\\\/logo\\\/image\\\/\",\"url\":\"https:\\\/\\\/pagazadiving.es\\\/wp-content\\\/uploads\\\/2025\\\/03\\\/cropped-lycon_Pagaza_Mesa-de-trabajo-1.png\",\"contentUrl\":\"https:\\\/\\\/pagazadiving.es\\\/wp-content\\\/uploads\\\/2025\\\/03\\\/cropped-lycon_Pagaza_Mesa-de-trabajo-1.png\",\"width\":1357,\"height\":1080,\"caption\":\"Pagaza Diving, Sabemos a-mar\"},\"image\":{\"@id\":\"https:\\\/\\\/pagazadiving.es\\\/#\\\/schema\\\/logo\\\/image\\\/\"}}]}<\/script>\n<!-- \/ Yoast SEO plugin. -->","yoast_head_json":{"title":"Aprende - Pagaza Diving, Sabemos a-mar","robots":{"index":"index","follow":"follow","max-snippet":"max-snippet:-1","max-image-preview":"max-image-preview:large","max-video-preview":"max-video-preview:-1"},"canonical":"https:\/\/pagazadiving.es\/en\/aprende\/","og_locale":"en_GB","og_type":"article","og_title":"Aprende - Pagaza Diving, Sabemos a-mar","og_description":"Cursos Prueba el buceo Para descubrir si quieres saber a.mar. Ideal para quienes quieren vivir su primera experiencia bajo el agua sin necesidad de hacer un curso completo. No requiere experiencia previa ni titulaci\u00f3n Inmersi\u00f3n guiada por un instructor profesional Todo el equipo incluido Perfecto para descubrir si el buceo es lo tuyo 90\u20ac PADI [&hellip;]","og_url":"https:\/\/pagazadiving.es\/en\/aprende\/","og_site_name":"Pagaza Diving, Sabemos a-mar","article_modified_time":"2026-01-25T18:50:41+00:00","twitter_card":"summary_large_image","twitter_misc":{"Estimated reading time":"2 minutes"},"schema":{"@context":"https:\/\/schema.org","@graph":[{"@type":"WebPage","@id":"https:\/\/pagazadiving.es\/aprende\/","url":"https:\/\/pagazadiving.es\/aprende\/","name":"Aprende - Pagaza Diving, Sabemos a-mar","isPartOf":{"@id":"https:\/\/pagazadiving.es\/#website"},"datePublished":"2025-03-05T10:53:16+00:00","dateModified":"2026-01-25T18:50:41+00:00","breadcrumb":{"@id":"https:\/\/pagazadiving.es\/aprende\/#breadcrumb"},"inLanguage":"en-GB","potentialAction":[{"@type":"ReadAction","target":["https:\/\/pagazadiving.es\/aprende\/"]}]},{"@type":"BreadcrumbList","@id":"https:\/\/pagazadiving.es\/aprende\/#breadcrumb","itemListElement":[{"@type":"ListItem","position":1,"name":"Portada","item":"https:\/\/pagazadiving.es\/"},{"@type":"ListItem","position":2,"name":"Aprende"}]},{"@type":"WebSite","@id":"https:\/\/pagazadiving.es\/#website","url":"https:\/\/pagazadiving.es\/","name":"Pagaza Diving, Sabemos a-mar","description":"","publisher":{"@id":"https:\/\/pagazadiving.es\/#organization"},"potentialAction":[{"@type":"SearchAction","target":{"@type":"EntryPoint","urlTemplate":"https:\/\/pagazadiving.es\/?s={search_term_string}"},"query-input":{"@type":"PropertyValueSpecification","valueRequired":true,"valueName":"search_term_string"}}],"inLanguage":"en-GB"},{"@type":"Organization","@id":"https:\/\/pagazadiving.es\/#organization","name":"Pagaza Diving, Sabemos a-mar","url":"https:\/\/pagazadiving.es\/","logo":{"@type":"ImageObject","inLanguage":"en-GB","@id":"https:\/\/pagazadiving.es\/#\/schema\/logo\/image\/","url":"https:\/\/pagazadiving.es\/wp-content\/uploads\/2025\/03\/cropped-lycon_Pagaza_Mesa-de-trabajo-1.png","contentUrl":"https:\/\/pagazadiving.es\/wp-content\/uploads\/2025\/03\/cropped-lycon_Pagaza_Mesa-de-trabajo-1.png","width":1357,"height":1080,"caption":"Pagaza Diving, Sabemos a-mar"},"image":{"@id":"https:\/\/pagazadiving.es\/#\/schema\/logo\/image\/"}}]}},"_links":{"self":[{"href":"https:\/\/pagazadiving.es\/en\/wp-json\/wp\/v2\/pages\/8","targetHints":{"allow":["GET"]}}],"collection":[{"href":"https:\/\/pagazadiving.es\/en\/wp-json\/wp\/v2\/pages"}],"about":[{"href":"https:\/\/pagazadiving.es\/en\/wp-json\/wp\/v2\/types\/page"}],"author":[{"embeddable":true,"href":"https:\/\/pagazadiving.es\/en\/wp-json\/wp\/v2\/users\/1"}],"replies":[{"embeddable":true,"href":"https:\/\/pagazadiving.es\/en\/wp-json\/wp\/v2\/comments?post=8"}],"version-history":[{"count":156,"href":"https:\/\/pagazadiving.es\/en\/wp-json\/wp\/v2\/pages\/8\/revisions"}],"predecessor-version":[{"id":3646,"href":"https:\/\/pagazadiving.es\/en\/wp-json\/wp\/v2\/pages\/8\/revisions\/3646"}],"wp:attachment":[{"href":"https:\/\/pagazadiving.es\/en\/wp-json\/wp\/v2\/media?parent=8"}],"curies":[{"name":"wp","href":"https:\/\/api.w.org\/{rel}","templated":true}]}}